{"id":867,"date":"2024-12-23T12:59:09","date_gmt":"2024-12-23T11:59:09","guid":{"rendered":"https:\/\/visitas.catedraldesantiago.es\/portico-da-gloria\/"},"modified":"2025-03-10T13:11:49","modified_gmt":"2025-03-10T12:11:49","slug":"portico-da-gloria","status":"publish","type":"page","link":"https:\/\/visitas.catedraldesantiago.es\/gl\/portico-da-gloria\/","title":{"rendered":"P\u00f3rtico da Gloria"},"content":{"rendered":"<p>[et_pb_section fb_built=&#8221;1&#8243; _builder_version=&#8221;4.27.2&#8243; _module_preset=&#8221;default&#8221; global_colors_info=&#8221;{}&#8221;][et_pb_row _builder_version=&#8221;4.27.2&#8243; _module_preset=&#8221;default&#8221; global_colors_info=&#8221;{}&#8221;][et_pb_column type=&#8221;4_4&#8243; _builder_version=&#8221;4.27.2&#8243; _module_preset=&#8221;default&#8221; global_colors_info=&#8221;{}&#8221;][et_pb_text admin_label=&#8221;Title&#8221; _builder_version=&#8221;4.27.2&#8243; text_font=&#8221;||||||||&#8221; header_font=&#8221;||||||||&#8221; header_2_font=&#8221;&#8211;et_global_heading_font|500||on|||||&#8221; header_2_text_color=&#8221;#84754d&#8221; text_orientation=&#8221;center&#8221; custom_margin=&#8221;||15px|&#8221; animation_style=&#8221;fade&#8221; header_2_text_color_tablet=&#8221;&#8221; header_2_text_color_phone=&#8221;&#8221; header_2_text_color_last_edited=&#8221;on|desktop&#8221; global_colors_info=&#8221;{}&#8221;]<\/p>\n<h2>Seleccione a s\u00faa entrada:<\/h2>\n<p>[\/et_pb_text][et_pb_divider color=&#8221;#cccccc&#8221; divider_weight=&#8221;2px&#8221; _builder_version=&#8221;4.16&#8243; max_width=&#8221;80px&#8221; max_width_tablet=&#8221;100px&#8221; max_width_phone=&#8221;100px&#8221; max_width_last_edited=&#8221;off|desktop&#8221; module_alignment=&#8221;center&#8221; animation_style=&#8221;fade&#8221; global_colors_info=&#8221;{}&#8221;][\/et_pb_divider][\/et_pb_column][\/et_pb_row][et_pb_row column_structure=&#8221;1_3,1_3,1_3&#8243; use_custom_gutter=&#8221;on&#8221; gutter_width=&#8221;2&#8243; make_equal=&#8221;on&#8221; _builder_version=&#8221;4.27.3&#8243; _module_preset=&#8221;default&#8221; global_colors_info=&#8221;{}&#8221;][et_pb_column type=&#8221;1_3&#8243; _builder_version=&#8221;4.27.3&#8243; _module_preset=&#8221;default&#8221; background_color=&#8221;#f2f1ed&#8221; box_shadow_style=&#8221;preset1&#8243; global_colors_info=&#8221;{}&#8221;][et_pb_blurb title=&#8221;VISITA GUIADA&#8221; image=&#8221;https:\/\/visitas.catedraldesantiago.es\/wp-content\/uploads\/2024\/12\/DetallePortico1.jpg&#8221; alt=&#8221;P\u00f3rtico da Gloria&#8221; _builder_version=&#8221;4.27.4&#8243; _module_preset=&#8221;default&#8221; text_orientation=&#8221;center&#8221; global_colors_info=&#8221;{}&#8221;][\/et_pb_blurb][et_pb_button button_url=&#8221;@ET-DC@eyJkeW5hbWljIjp0cnVlLCJjb250ZW50IjoicG9zdF9saW5rX3VybF9wYWdlIiwic2V0dGluZ3MiOnsicG9zdF9pZCI6IjI4OCJ9fQ==@&#8221; button_text=&#8221;MERCAR ENTRADAS&#8221; button_alignment=&#8221;center&#8221; _builder_version=&#8221;4.27.3&#8243; _dynamic_attributes=&#8221;button_url&#8221; _module_preset=&#8221;default&#8221; custom_button=&#8221;on&#8221; button_text_size=&#8221;14px&#8221; button_text_color=&#8221;#E02B20&#8243; button_bg_color=&#8221;#FFFFFF&#8221; button_border_width=&#8221;1px&#8221; button_border_color=&#8221;#695e41&#8243; button_font=&#8221;|||on|||||&#8221; button_icon=&#8221;&#xf217;||fa||900&#8243; custom_margin=&#8221;20px||20px||true|false&#8221; custom_padding=&#8221;10px||10px||true|false&#8221; global_colors_info=&#8221;{}&#8221;][\/et_pb_button][\/et_pb_column][et_pb_column type=&#8221;1_3&#8243; _builder_version=&#8221;4.27.2&#8243; _module_preset=&#8221;default&#8221; background_color=&#8221;#f2f1ed&#8221; box_shadow_style=&#8221;preset1&#8243; global_colors_info=&#8221;{}&#8221;][et_pb_blurb title=&#8221;VISITA AUDIOGU\u00cdA&#8221; image=&#8221;https:\/\/visitas.catedraldesantiago.es\/wp-content\/uploads\/2024\/12\/DetallePortico2.jpg&#8221; alt=&#8221;P\u00f3rtico da Gloria&#8221; _builder_version=&#8221;4.27.4&#8243; _module_preset=&#8221;default&#8221; text_orientation=&#8221;center&#8221; global_colors_info=&#8221;{}&#8221;][\/et_pb_blurb][et_pb_button button_url=&#8221;@ET-DC@eyJkeW5hbWljIjp0cnVlLCJjb250ZW50IjoicG9zdF9saW5rX3VybF9wYWdlIiwic2V0dGluZ3MiOnsicG9zdF9pZCI6IjE3NiJ9fQ==@&#8221; button_text=&#8221;MERCAR ENTRADAS&#8221; button_alignment=&#8221;center&#8221; _builder_version=&#8221;4.27.3&#8243; _dynamic_attributes=&#8221;button_url&#8221; _module_preset=&#8221;default&#8221; custom_button=&#8221;on&#8221; button_text_size=&#8221;14px&#8221; button_text_color=&#8221;#E02B20&#8243; button_bg_color=&#8221;#FFFFFF&#8221; button_border_width=&#8221;1px&#8221; button_border_color=&#8221;#695e41&#8243; button_font=&#8221;|||on|||||&#8221; button_icon=&#8221;&#xf217;||fa||900&#8243; custom_margin=&#8221;20px||20px||true|false&#8221; custom_padding=&#8221;10px||10px||true|false&#8221; global_colors_info=&#8221;{}&#8221;][\/et_pb_button][\/et_pb_column][et_pb_column type=&#8221;1_3&#8243; _builder_version=&#8221;4.27.2&#8243; _module_preset=&#8221;default&#8221; background_color=&#8221;#f2f1ed&#8221; box_shadow_style=&#8221;preset1&#8243; global_colors_info=&#8221;{}&#8221;][et_pb_blurb title=&#8221;INVITACI\u00d3NS&#8221; image=&#8221;https:\/\/visitas.catedraldesantiago.es\/wp-content\/uploads\/2024\/12\/DetallePortico3.jpg&#8221; alt=&#8221;P\u00f3rtico da Gloria&#8221; _builder_version=&#8221;4.27.4&#8243; _module_preset=&#8221;default&#8221; text_orientation=&#8221;center&#8221; global_colors_info=&#8221;{}&#8221;][\/et_pb_blurb][et_pb_button button_url=&#8221;@ET-DC@eyJkeW5hbWljIjp0cnVlLCJjb250ZW50IjoicG9zdF9saW5rX3VybF9wYWdlIiwic2V0dGluZ3MiOnsicG9zdF9pZCI6IjI5NSJ9fQ==@&#8221; button_text=&#8221;OBTAIN&#8221; button_alignment=&#8221;center&#8221; _builder_version=&#8221;4.27.4&#8243; _dynamic_attributes=&#8221;button_url&#8221; _module_preset=&#8221;default&#8221; custom_button=&#8221;on&#8221; button_text_size=&#8221;14px&#8221; button_text_color=&#8221;#E02B20&#8243; button_bg_color=&#8221;#FFFFFF&#8221; button_border_width=&#8221;1px&#8221; button_border_color=&#8221;#695e41&#8243; button_font=&#8221;|||on|||||&#8221; button_icon=&#8221;&#xf217;||fa||900&#8243; custom_margin=&#8221;20px||20px||true|false&#8221; custom_padding=&#8221;10px||10px||true|false&#8221; hover_enabled=&#8221;0&#8243; global_colors_info=&#8221;{}&#8221; sticky_enabled=&#8221;0&#8243;][\/et_pb_button][\/et_pb_column][\/et_pb_row][\/et_pb_section][et_pb_section fb_built=&#8221;1&#8243; _builder_version=&#8221;4.27.2&#8243; _module_preset=&#8221;default&#8221; background_color=&#8221;#f2f1ed&#8221; custom_padding=&#8221;1vw||1vw||true|false&#8221; global_colors_info=&#8221;{}&#8221;][et_pb_row column_structure=&#8221;1_2,1_2&#8243; _builder_version=&#8221;4.27.2&#8243; _module_preset=&#8221;default&#8221; animation_style=&#8221;fade&#8221; global_colors_info=&#8221;{}&#8221;][et_pb_column type=&#8221;1_2&#8243; _builder_version=&#8221;4.27.2&#8243; _module_preset=&#8221;default&#8221; global_colors_info=&#8221;{}&#8221;][et_pb_image src=&#8221;https:\/\/visitas.catedraldesantiago.es\/wp-content\/uploads\/2024\/11\/alzado.png&#8221; title_text=&#8221;levantado&#8221; align=&#8221;center&#8221; _builder_version=&#8221;4.27.2&#8243; _module_preset=&#8221;default&#8221; global_colors_info=&#8221;{}&#8221;][\/et_pb_image][\/et_pb_column][et_pb_column type=&#8221;1_2&#8243; _builder_version=&#8221;4.27.2&#8243; _module_preset=&#8221;default&#8221; global_colors_info=&#8221;{}&#8221;][et_pb_text _builder_version=&#8221;4.27.2&#8243; _module_preset=&#8221;default&#8221; text_font_size=&#8221;12px&#8221; global_colors_info=&#8221;{}&#8221;]<\/p>\n<p>A Catedral de Santiago de Compostela \u00e9 a obra de arte rom\u00e1nica m\u00e1is destacada de Espa\u00f1a e constit\u00fae o destino final de todos os Cami\u00f1os de Santiago que levan a ela miles de peregrinos ano tras ano. A s\u00faa pedra inaugural, da que naceu a monumental cidade de Santiago de Compostela, foi forxada nun bosque sagrado do fin do mundo con vocaci\u00f3n de Cidade Santa e Patrimonio da Humanidade. A Catedral m\u00f3strase como un complexo conxunto de espazos capaces de premiar a fe dos cami\u00f1antes coa s\u00faa poderosa espiritualidade e coa s\u00faa beleza aos visitantes do mundo. O Museo Catedralicio de Santiago permite aos visitantes afondar no co\u00f1ecemento da historia e da arte da Catedral, a trav\u00e9s dos seus diferentes espazos e das exposici\u00f3ns temporais que organiza.<\/p>\n<p>[\/et_pb_text][\/et_pb_column][\/et_pb_row][\/et_pb_section]<\/p>\n","protected":false},"excerpt":{"rendered":"<p>Seleccione a s\u00faa entrada:A Catedral de Santiago de Compostela \u00e9 a obra de arte rom\u00e1nica m\u00e1is destacada de Espa\u00f1a e constit\u00fae o destino final de todos os Cami\u00f1os de Santiago que levan a ela miles de peregrinos ano tras ano. A s\u00faa pedra inaugural, da que naceu a monumental cidade de Santiago de Compostela, foi [&hellip;]<\/p>\n","protected":false},"author":2,"featured_media":0,"parent":0,"menu_order":0,"comment_status":"closed","ping_status":"closed","template":"","meta":{"_et_pb_use_builder":"on","_et_pb_old_content":"","_et_gb_content_width":"","footnotes":""},"class_list":["post-867","page","type-page","status-publish","hentry"],"_links":{"self":[{"href":"https:\/\/visitas.catedraldesantiago.es\/gl\/wp-json\/wp\/v2\/pages\/867","targetHints":{"allow":["GET"]}}],"collection":[{"href":"https:\/\/visitas.catedraldesantiago.es\/gl\/wp-json\/wp\/v2\/pages"}],"about":[{"href":"https:\/\/visitas.catedraldesantiago.es\/gl\/wp-json\/wp\/v2\/types\/page"}],"author":[{"embeddable":true,"href":"https:\/\/visitas.catedraldesantiago.es\/gl\/wp-json\/wp\/v2\/users\/2"}],"replies":[{"embeddable":true,"href":"https:\/\/visitas.catedraldesantiago.es\/gl\/wp-json\/wp\/v2\/comments?post=867"}],"version-history":[{"count":13,"href":"https:\/\/visitas.catedraldesantiago.es\/gl\/wp-json\/wp\/v2\/pages\/867\/revisions"}],"predecessor-version":[{"id":1382,"href":"https:\/\/visitas.catedraldesantiago.es\/gl\/wp-json\/wp\/v2\/pages\/867\/revisions\/1382"}],"wp:attachment":[{"href":"https:\/\/visitas.catedraldesantiago.es\/gl\/wp-json\/wp\/v2\/media?parent=867"}],"curies":[{"name":"wp","href":"https:\/\/api.w.org\/{rel}","templated":true}]}}