{"id":681,"date":"2024-11-14T12:13:39","date_gmt":"2024-11-14T11:13:39","guid":{"rendered":"https:\/\/visitas.catedraldesantiago.es\/politica-de-cookies-ue\/"},"modified":"2025-12-30T13:15:44","modified_gmt":"2025-12-30T12:15:44","slug":"politica-de-cookies-ue","status":"publish","type":"page","link":"https:\/\/visitas.catedraldesantiago.es\/gl\/politica-de-cookies-ue\/","title":{"rendered":"Pol\u00edtica de cookies"},"content":{"rendered":"<p>[et_pb_section fb_built=&#8221;1&#8243; _builder_version=&#8221;4.16&#8243; global_colors_info=&#8221;{}&#8221;][et_pb_row _builder_version=&#8221;4.16&#8243; background_size=&#8221;initial&#8221; background_position=&#8221;top_left&#8221; background_repeat=&#8221;repeat&#8221; global_colors_info=&#8221;{}&#8221;][et_pb_column type=&#8221;4_4&#8243; _builder_version=&#8221;4.16&#8243; custom_padding=&#8221;|||&#8221; global_colors_info=&#8221;{}&#8221; custom_padding__hover=&#8221;|||&#8221;][et_pb_text _builder_version=&#8221;4.27.4&#8243; background_size=&#8221;initial&#8221; background_position=&#8221;top_left&#8221; background_repeat=&#8221;repeat&#8221; hover_enabled=&#8221;0&#8243; global_colors_info=&#8221;{}&#8221; sticky_enabled=&#8221;0&#8243; header_text_align=&#8221;center&#8221;]<\/p>\n<h1>POL\u00cdTICA DE COOKIES<\/h1>\n<p>[\/et_pb_text][et_pb_text _builder_version=&#8221;4.27.4&#8243; _module_preset=&#8221;default&#8221; global_colors_info=&#8221;{}&#8221;]<\/p>\n<p>O artigo 22.2\u00ba da Lei 34\/2002. do 11 de xullo, de servicios da sociedade da informaci\u00f3n e de comercio electr\u00f3nico (LSSI) establece que se poder\u00e1n utilizar dispositivos de almacenamento e recuperaci\u00f3n de datos en equipamentos terminais dos destinatarios, a condici\u00f3n de que estes desen o seu consentimento despois de que se lles facilitase informaci\u00f3n clara e completa sobre a s\u00faa utilizaci\u00f3n,  en particular, sobre os fins do tratamento dos datos, consonte o disposto na normativa vixente de protecci\u00f3n de datos de car\u00e1cter persoal. A este respecto, pode que se depositen cookies no seu equipo. <\/p>\n<p><\/p>\n<p>Os datos identificativos do editor do web e responsable do tratamento poden atoparse completos no Aviso legal e na pol\u00edtica de privacidade deste web.<\/p>\n<p><\/p>\n<p>En caso en que sexa obrigatoria a obtenci\u00f3n do consentimento, elixiuse o mecanismo de informaci\u00f3n por capas.<\/p>\n<p><\/p>\n<p>1 <strong>\u00bfQu\u00e9 son as cookies?<\/strong><\/p>\n<p><\/p>\n<p>Tr\u00e1tase de pequenos arquivos que almacenan e recuperan informaci\u00f3n cando o usuario navega. En xeral estas tecnolox\u00edas poden servir para finalidades moi diversas, como, por exemplo, recordarlle como usuario, obter informaci\u00f3n sobre os h\u00e1bitos de navegaci\u00f3n, personaliza-la forma en que se mostra o contido ou simplemente permiti-las opci\u00f3ns de navegaci\u00f3n elixidas polo usuario. Pode eliminar as cookies seleccionando a opci\u00f3n que o seu navegador ten para o efecto. En calquera momento pode eliminar todas as cookies mediante a opci\u00f3n para o efecto do seu navegador.<\/p>\n<p><\/p>\n<p>\u00a02<strong> Identificaci\u00f3n dos tipos de cookies utilizadas e finalidades:<\/strong><\/p>\n<p><\/p>\n<p>Este sitio web utiliza cookies que permiten o funcionamento e a prestaci\u00f3n dos servizos ofrecidos a trav\u00e9s deste web.<\/p>\n<p>[\/et_pb_text][et_pb_text _builder_version=&#8221;4.27.4&#8243; _module_preset=&#8221;default&#8221; global_colors_info=&#8221;{}&#8221;]<\/p>\n<table style=\"height: 528px; width: 100%; border-collapse: collapse;\" border=\"2\">\n<tbody>\n<tr style=\"height: 72px;\">\n<td style=\"width: 13.8207%; height: 72px;\"><strong>Nombre de la cookie<\/strong><\/td>\n<td style=\"width: 41.9253%; height: 72px;\"><strong>Tipo de cookie<\/strong><\/td>\n<td style=\"width: 1.45773%; height: 72px;\"><strong>Plazo de conservaci\u00f3n<\/strong><\/td>\n<td style=\"width: 26.3107%; height: 72px;\"><strong>Propietario<\/strong><\/td>\n<td style=\"width: 37.9612%; height: 72px;\"><strong>Destinatarios<\/strong><\/td>\n<\/tr>\n<tr style=\"height: 24px;\">\n<td style=\"width: 13.8207%; height: 24px;\">Session cookie<\/td>\n<td style=\"width: 41.9253%; height: 24px;\">T\u00e9cnica \/ funcional (estrictamente necesaria)<\/td>\n<td style=\"width: 1.45773%; height: 24px;\">Sesi\u00f3n (borrase ao pechar o navegador))<\/td>\n<td style=\"width: 26.3107%; height: 24px;\">Propia del sitio<\/td>\n<td style=\"width: 37.9612%; height: 24px;\">Ninguno (no se comparte con terceros)<\/td>\n<\/tr>\n<tr style=\"height: 24px;\">\n<td style=\"width: 13.8207%; height: 24px;\">_ga<\/td>\n<td style=\"width: 41.9253%; height: 24px;\">Anal\u00edtica<\/td>\n<td style=\"width: 1.45773%; height: 24px;\">1 ano<\/td>\n<td style=\"width: 26.3107%; height: 24px;\">Tercero (Google Analytics)<\/td>\n<td style=\"width: 37.9612%; height: 24px;\">Google LLC \u2014 Datos an\u00f3nimos para anal\u00edtica de uso del sitio web<\/td>\n<\/tr>\n<tr style=\"height: 24px;\">\n<td style=\"width: 13.8207%; height: 24px;\">_gid<\/td>\n<td style=\"width: 41.9253%; height: 24px;\">Anal\u00edtica<\/td>\n<td style=\"width: 1.45773%; height: 24px;\">1 d\u00eda<\/td>\n<td style=\"width: 26.3107%; height: 24px;\">Tercero (Google Analytics)<\/td>\n<td style=\"width: 37.9612%; height: 24px;\">Google LLC \u2014 Datos an\u00f3nimos sobre usuarios distintos y visitas<\/td>\n<\/tr>\n<tr style=\"height: 24px;\">\n<td style=\"width: 13.8207%; height: 24px;\">wp-settings<\/td>\n<td style=\"width: 41.9253%; height: 24px;\">T\u00e9cnica<\/td>\n<td style=\"width: 1.45773%; height: 24px;\">Persistente<\/td>\n<td style=\"width: 26.3107%; height: 24px;\">Propia del sitio<\/td>\n<td style=\"width: 37.9612%; height: 24px;\">Ninguno identificado<\/td>\n<\/tr>\n<tr style=\"height: 48px;\">\n<td style=\"width: 13.8207%; height: 48px;\">wp-settings-time<\/td>\n<td style=\"width: 41.9253%; height: 48px;\">T\u00e9cnica<\/td>\n<td style=\"width: 1.45773%; height: 48px;\">Persistente<\/td>\n<td style=\"width: 26.3107%; height: 48px;\">Propia del sitio<\/td>\n<td style=\"width: 37.9612%; height: 48px;\">Ninguno identificado<\/td>\n<\/tr>\n<tr style=\"height: 48px;\">\n<td style=\"width: 13.8207%; height: 48px;\">Cookie_notice_accepted<\/td>\n<td style=\"width: 41.9253%; height: 48px;\">T\u00e9cnica \/ consentimiento<\/td>\n<td style=\"width: 1.45773%; height: 48px;\">Persistente<\/td>\n<td style=\"width: 26.3107%; height: 48px;\">Propia del sitio<\/td>\n<td style=\"width: 37.9612%; height: 48px;\">Ninguno identificado<\/td>\n<\/tr>\n<tr style=\"height: 48px;\">\n<td style=\"width: 13.8207%; height: 48px;\">wp-wpml_current_language<\/td>\n<td style=\"width: 41.9253%; height: 48px;\">T\u00e9cnica\/Funcional<\/td>\n<td style=\"width: 1.45773%; height: 48px;\">Persistente<\/td>\n<td style=\"width: 26.3107%; height: 48px;\">Propia del sitio<\/td>\n<td style=\"width: 37.9612%; height: 48px;\">Ninguno identificado<\/td>\n<\/tr>\n<tr style=\"height: 48px;\">\n<td style=\"width: 13.8207%; height: 48px;\">moove_gdpr_popup<\/td>\n<td style=\"width: 41.9253%; height: 48px;\">T\u00e9cnica<\/td>\n<td style=\"width: 1.45773%; height: 48px;\">Persistente<\/td>\n<td style=\"width: 26.3107%; height: 48px;\">Propia del sitio<\/td>\n<td style=\"width: 37.9612%; height: 48px;\">Ninguno (propia)<\/td>\n<\/tr>\n<tr style=\"height: 48px;\">\n<td style=\"width: 13.8207%; height: 48px;\">wp-wpml_current_admin_language_<\/td>\n<td style=\"width: 41.9253%; height: 48px;\">T\u00e9cnica\/Funcional<\/td>\n<td style=\"width: 1.45773%; height: 48px;\">Sesi\u00f3n<\/td>\n<td style=\"width: 26.3107%; height: 48px;\">Propia del sitio<\/td>\n<td style=\"width: 37.9612%; height: 48px;\">Ninguno (propia)<\/td>\n<\/tr>\n<tr style=\"height: 48px;\">\n<td style=\"width: 13.8207%; height: 48px;\">PHPSESSID<\/td>\n<td style=\"width: 41.9253%; height: 48px;\">T\u00e9cnica<\/td>\n<td style=\"width: 1.45773%; height: 48px;\">1 ano<\/td>\n<td style=\"width: 26.3107%; height: 48px;\">Propia del sitio<\/td>\n<td style=\"width: 37.9612%; height: 48px;\">Ninguno (propia)<\/td>\n<\/tr>\n<tr style=\"height: 48px;\">\n<td style=\"width: 13.8207%; height: 48px;\">wp-settings-time-2, wp-settings-2<\/td>\n<td style=\"width: 41.9253%; height: 48px;\">T\u00e9cnicas<\/td>\n<td style=\"width: 1.45773%; height: 48px;\">1 ano<\/td>\n<td style=\"width: 26.3107%; height: 48px;\">Propia del sitio<\/td>\n<td style=\"width: 37.9612%; height: 48px;\">Ninguno (propia)<\/td>\n<\/tr>\n<tr style=\"height: 24px;\">\n<td style=\"width: 13.8207%; height: 24px;\">wordpress_test_cookie<\/td>\n<td style=\"width: 41.9253%; height: 24px;\">\u00a0t\u00e9cnica<\/td>\n<td style=\"width: 1.45773%; height: 24px;\">Sesi\u00f3n<\/td>\n<td style=\"width: 26.3107%; height: 24px;\">Propia del sitio<\/td>\n<td style=\"width: 37.9612%; height: 24px;\">Ninguno (propia)<\/td>\n<\/tr>\n<\/tbody>\n<\/table>\n<p>[\/et_pb_text][et_pb_text _builder_version=&#8221;4.27.4&#8243; _module_preset=&#8221;default&#8221; global_colors_info=&#8221;{}&#8221;]<\/p>\n<p>Pode consultar no cadro de cookies a identificaci\u00f3n de quen utiliza as cookies, se s\u00f3 o editor deste web ou terceiros.<\/p>\n<p><\/p>\n<p>Informaci\u00f3n sobre a forma de aceptar, denegar ou revogar o consentimento para o uso de cookies enunciadas a trav\u00e9s das funcionalidades facilitadas neste web ou a trav\u00e9s das plataformas com\u00fans que puidesen existir para esta finalidade: en caso en que o sistema de xesti\u00f3n ou configuraci\u00f3n das cookies do editor non permita evitar a utilizaci\u00f3n das cookies de terceiros unha vez aceptadas polo usuario,  facil\u00edtase nesta pol\u00edtica de cookies informaci\u00f3n sobre as xeramentas proporcionadas polo navegador e os terceiros e se advirte ao usuario que, se este acepta cookies de terceiros e posteriormente desexa eliminalas, deber\u00e1 facelo desde o seu propio navegador ou o sistema habilitado polos terceiros para iso, tendo en conta que, se acepta as cookies de terceiros,  deber\u00e1 eliminalas desde as opci\u00f3ns do navegador ou desde o sistema ofrecido polo propio terceiro.<\/p>\n<p><\/p>\n<p>Poden consultarse as cookies concretas accionando F12 unha vez que xa lles accedese ao web por medio do navegador de Google e seleccionando a opci\u00f3n cookies na parte inferior.<\/p>\n<p><\/p>\n<p><strong>Prazo de conservaci\u00f3n:<\/strong><\/p>\n<p><\/p>\n<ol>\n<li>a) Cookies propias: durante a sesi\u00f3n ou durante o prazo que marque o cadro de cookies.<\/li>\n<\/ol>\n<p><\/p>\n<ol>\n<li>b) Cookies de terceiros, durante o prazo de duraci\u00f3n, e son xestionadas polo terceiro.<\/li>\n<\/ol>\n<p><\/p>\n<p><strong>Cesionarios:<\/strong> non se prev\u00e9n distintos aos terceiros propietarios de cookies deses terceiros.<br \/><strong>Base xur\u00eddica:<\/strong> interese lex\u00edtimo no caso de cookies propias e t\u00e9cnicas, consentimento no caso do resto de cookies.<br \/><strong>Informaci\u00f3n restante sobre protecci\u00f3n de datos<\/strong>, accesible na Pol\u00edtica de Privacidade deste web.<\/p>\n<p><\/p>\n<p>3 <strong>Gu\u00eda de cookies:<\/strong><\/p>\n<p><\/p>\n<p>Cookies exceptuadas de informaci\u00f3n e consentimento: estar\u00edan aquelas que te\u00f1en por finalidade:<\/p>\n<p><\/p>\n<ul>\n<li>Cookies que permitan unicamente a comunicaci\u00f3n entre o usuario e a rede.<\/li>\n<li>Cookies que estritamente presten un servicio expresamente solicitado polo usuario.<\/li>\n<li>Cookies de \u00abentrada del usuario\u00bb<\/li>\n<li>Cookies de autenticaci\u00f3n o identificaci\u00f3n de usuario (\u00fanicamente de sesi\u00f3n)<\/li>\n<li>Cookies de seguridade do usuario<\/li>\n<li>Cookies de sesi\u00f3n de reproductor multimedia<\/li>\n<li>Cookies de sesi\u00f3n para equilibrar la carga<\/li>\n<li>Cookies de personalizaci\u00f3n da interface de usuario<\/li>\n<li>Cookies de complemento (<em>plug-in<\/em>) para intercambiar contidos sociais, cando o usuario decida manter a sesi\u00f3n aberta.<\/li>\n<\/ul>\n<p><\/p>\n<p>Clasificaci\u00f3n das cookies obxecto de informaci\u00f3n e consentimento, segundo informe da Axencia Espa\u00f1ola de Protecci\u00f3n de Datos:<\/p>\n<p><\/p>\n<p>3.1. Tipos de cookies segundo a entidade que as xestione:<\/p>\n<p><\/p>\n<p>&#8211; Cookies propias: Son aquelas que se env\u00edan \u00f3 equipo terminal do usuario desde un equipo ou dominio xestionado polo propio editor e desde o que se presta o servicio solicitado polo usuario.<br \/>&#8211; Cookies de terceiro: Son aquelas que se env\u00edan ao equipo terminal do usuario desde un equipo ou dominio que non \u00e9 xestionado polo editor, sen\u00f3n por outra entidade que trata os datos obtidos trav\u00e9s das cookies.<br \/>Cookies de terceiro: Son aquelas que se env\u00edan ao equipo terminal do usuario desde un equipo ou dominio que non \u00e9 xestionado polo editor, sen\u00f3n por outra entidade que trata os datos obtidos trav\u00e9s das cookies.<br \/>O usuario pode informase das transferencias a pa\u00edses terceiros que, se \u00e9 o caso, realizan os pa\u00edses identificados nesta pol\u00edtica de cookies, consultando as s\u00faas propias pol\u00edticas de cookies.<br \/>Te\u00f1a en conta que, se acepta as cookies de terceiros, deber\u00e1 eliminalas desde as opci\u00f3ns do navegador ou desde o sistema ofrecido polo propio terceiro.<\/p>\n<p><\/p>\n<p>3.2. Tipos de cookies segundo o prazo de tempo que permanecen activadas no terminal do usuario:<br \/>&#8211; Cookies de sesi\u00f3n: Son un tipo de cookies dese\u00f1adas para solicitar e almacenar datos mentres o usuario accede a unha p\u00e1xina web, para almacenar informaci\u00f3n que s\u00f3 interesa conservar para a prestaci\u00f3n do servizo solicitado polo usuario nunha soa ocasi\u00f3n e desaparecen ao terminar a sesi\u00f3n.<br \/>&#8211; Cookies persistentes: Son un tipo de cookies no que os datos seguen almacenados no terminal e poden ser accedidos e tratados durante un perido definido polo responsable da cookie, e que pode ir duns minutos a varios anos. Para que unha cookie poida estar exenta do deber do consentimento informado, a s\u00faa caducidade debe estar relacionada coa s\u00faa finalidade.<\/p>\n<p><\/p>\n<p>3.3. Tipos de cookies segundo a s\u00faa finalidade:<br \/>&#8211; Cookies t\u00e9cnicas: Son aquelas que permiten ao usuario a navegaci\u00f3n a trav\u00e9s dunha p\u00e1xina web, plataforma ou aplicaci\u00f3n e a utilizaci\u00f3n das diferentes opci\u00f3ns ou servizos que nela existan como, por exemplo, controla-lo tr\u00e1fico e a comunicaci\u00f3n de datos, identifica-la sesi\u00f3n, acceder a partes de acceso restrinxido, recorda-los elementos que integran un pedido,  realizar o proceso de compra dun pedido, realizar a solicitude de inscrici\u00f3n ou participaci\u00f3n nun evento, utilizar elementos de seguridade durante a navegaci\u00f3n, almacenar contidos para a difusi\u00f3n de videos ou son, compartir contidos a trav\u00e9s de redes sociais ou que permiten a xesti\u00f3n dos espazos publicitarios que o editor inclu\u00edse no web (sen que se recompile informaci\u00f3n dos usuarios con fins distintos). Estas cookies est\u00e1n exceptuadas de consentimento cando permitan prestar o servizo solicitado polo usuario. Pero se estas cookies se utilizan tam\u00e9n para finalidades non exentas (por exemplo, para fins publicitarios comportamentais), quedar\u00e1n suxeitas \u00e1 obriga de informaci\u00f3n e consentimento.<br \/>&#8211; Cookies de preferencias ou personalizaci\u00f3n: Son aquelas que permiten recordar informaci\u00f3n para que o usuario acceda ao servizo con algunhas caracter\u00edsticas de car\u00e1cter xeral predefinidas en funci\u00f3n dunha serie de criterios no terminal do usuario como por exemplo serian o idioma, o tipo de navegador a trav\u00e9s do cal accede ao servizo, a configuraci\u00f3n rexional desde onde accede ao servizo.  etc. Se \u00e9 o usuario quen elixe esas caracter\u00edsticas (por exemplo, se selecciona o idioma dun sitio web, clicando no icono da bandeira do pa\u00eds correspondente), as cookies estar\u00e1n exceptuadas do consentimento por considerarse un servicio expresamente solicitado polo usuario e iso sempre que as cookies obedezan exclusivamente \u00e1 finalidade seleccionada. Se son cookies sobre as que a toma da decisi\u00f3n foi polo usuario, non se necesita consentimento. Sen embargo, cando \u00e9 o editor deste web o que adopta este tipo de decisi\u00f3ns sobre as cookies de personalizaci\u00f3n, bas\u00e1ndose na informaci\u00f3n que obt\u00e9n do usuario, informarase sobre iso, ofrecendo a opci\u00f3n de aceptalo ou rexeitalo. <br \/>&#8211; Cookies de an\u00e1lise ou medici\u00f3n: Son aquelas que permiten ao responsable delas, o seguimento e an\u00e1lise do comportamento dos usuarios dos sitios web aos que est\u00e1n vinculadas. A informaci\u00f3n recollida mediante este tipo de cookies util\u00edzase na medici\u00f3n da actividade dos sitios web, aplicaci\u00f3n ou plataforma e para a elaboraci\u00f3n de perf\u00eds de navegaci\u00f3n dos usuarios dos ditos sitios, aplicaci\u00f3ns e plataformas, co fin de introducir melloras en funci\u00f3n da an\u00e1lise dos datos de uso que fan os usuarios do servicio. Non est\u00e1n exentas do deber de obter un consentimento informado para o seu uso, e, malia a pouca probabilidade de que representen un risco para a privacidade dos usuarios sempre que se trate de cookies de primeira parte, debe ser posible que os usuarios se opo\u00f1an ao seu tratamento ou manifesten a s\u00faa negativa.<br \/>&#8211; Cookies publicitarias ou de comportamento: Son aquelas que permiten a xesti\u00f3n, da forma m\u00e1is eficaz posible, dos espacios publicitarios que, se \u00e9 o caso, o editor inclu\u00edse nunha p\u00e1xina web, aplicaci\u00f3n ou plataforma desde a que presta o servizo solicitado con base en criterios como o contido editado ou a frecuencia en que se mostran os anuncios. Almacenan informaci\u00f3n do comportamento dos usuarios obtida a trav\u00e9s da observaci\u00f3n continuada dos seus h\u00e1bitos de navegaci\u00f3n, permitindo mostrar un perfil espec\u00edfico do usuario observado para mostrar publicidade en funci\u00f3n do dito perfil.<\/p>\n<p><\/p>\n<p>3.4. Pode ustede consultar t\u00f3dalas cookies utilizadas e pode permitir, bloquear, revoga-lo seu consentimento ou elimina-las cookies instaladas no seu equipo e os seus datos de navegaci\u00f3n mediante a configuraci\u00f3n das opci\u00f3ns do navegador que ustede utiliza. Te\u00f1a en conta que, se acepta as cookies de terceiros, deber\u00e1 eliminalas desde as opci\u00f3ns do seu navegador. Para m\u00e1is informaci\u00f3n pulse no enlace que corresponda ao seu navegador:<\/p>\n<p><\/p>\n<p>Firefox: http:\/\/support.mozilla.org\/es\/kb\/habilitar-y-deshabilitar-cookies-que-los-sitios-we<br \/>Chrome: http:\/\/support.google.com\/chrome\/bin\/answer.py?hl=es&amp;answer=95647<br \/>Explorer: http:\/\/windows.microsoft.com\/es-es\/windows7\/how-to-manage-cookies-in-internet-explorer-9<br \/>Safari: http:\/\/support.apple.com\/kb\/ph5042<br \/>Safari para IOS: <a href=\"https:\/\/support.apple.com\/es-es\/105082\">http:\/\/support.apple.com\/kb\/HT1677?viewlocale=es_ES&amp;locale=es_ES<\/a><br \/>Cookies Flash Player: <a href=\"http:\/\/www.macromedia.com\/support\/documentation\/es\/flashplayer\/help\/settings_manager07.html\">http:\/\/www.macromedia.com\/support\/documentation\/es\/flashplayer\/help\/settings_manager07.html<\/a><\/p>\n<p><\/p>\n<p>Pode tam\u00e9n revogar o seu consentimento para o uso de Cookies no seu navegador a trav\u00e9s da instalaci\u00f3n dun sistema de rexeitamento, opt-out, no dito navegador. <br \/>Alg\u00fans terceiros facilitan este rexeitamento a trav\u00e9s dos seguintes enlaces:<br \/>Exclusi\u00f3n de Google Analytics: <a href=\"https:\/\/tools.google.com\/dlpage\/gaoptout?hl=None\">https:\/\/tools.google.com\/dlpage\/gaoptout?hl=None<\/a><br \/>Opt-out de Doubleclick: <a href=\"https:\/\/support.google.com\/My-Ad-Center-Help\/answer\/12155656?visit_id=639019986350730729-2456811132&amp;rd=1\">http:\/\/www.google.com\/settings\/ads\/plugin<\/a><br \/>Desactivaci\u00f3n de Cookies flash: <a href=\"http:\/\/www.macromedia.com\/support\/documentation\/es\/flashplayer\/help\/settings_manager07.html\">http:\/\/www.macromedia.com\/support\/documentation\/es\/flashplayer\/help\/settings_manager07.html<\/a><\/p>\n<p><\/p>\n<p>Seleccione a opci\u00f3n &#8220;Eliminar todos os sitios&#8221; ou seleccione a web espec\u00edfica que desexe borrar e &#8220;Eliminar Sitio Web&#8221;.<br \/>Seleccione a opci\u00f3n &#8220;Eliminar todos os sitios&#8221; ou seleccione a web espec\u00edfica que desexe borrar e &#8220;Eliminar Sitio Web&#8221;.<\/p>\n<p>[\/et_pb_text][\/et_pb_column][\/et_pb_row][\/et_pb_section]<\/p>\n","protected":false},"excerpt":{"rendered":"<p>POL\u00cdTICA DE COOKIESO artigo 22.2\u00ba da Lei 34\/2002. do 11 de xullo, de servicios da sociedade da informaci\u00f3n e de comercio electr\u00f3nico (LSSI) establece que se poder\u00e1n utilizar dispositivos de almacenamento e recuperaci\u00f3n de datos en equipamentos terminais dos destinatarios, a condici\u00f3n de que estes desen o seu consentimento despois de que se lles facilitase [&hellip;]<\/p>\n","protected":false},"author":1,"featured_media":0,"parent":0,"menu_order":0,"comment_status":"closed","ping_status":"closed","template":"","meta":{"_et_pb_use_builder":"on","_et_pb_old_content":"","_et_gb_content_width":"","footnotes":""},"class_list":["post-681","page","type-page","status-publish","hentry"],"_links":{"self":[{"href":"https:\/\/visitas.catedraldesantiago.es\/gl\/wp-json\/wp\/v2\/pages\/681","targetHints":{"allow":["GET"]}}],"collection":[{"href":"https:\/\/visitas.catedraldesantiago.es\/gl\/wp-json\/wp\/v2\/pages"}],"about":[{"href":"https:\/\/visitas.catedraldesantiago.es\/gl\/wp-json\/wp\/v2\/types\/page"}],"author":[{"embeddable":true,"href":"https:\/\/visitas.catedraldesantiago.es\/gl\/wp-json\/wp\/v2\/users\/1"}],"replies":[{"embeddable":true,"href":"https:\/\/visitas.catedraldesantiago.es\/gl\/wp-json\/wp\/v2\/comments?post=681"}],"version-history":[{"count":7,"href":"https:\/\/visitas.catedraldesantiago.es\/gl\/wp-json\/wp\/v2\/pages\/681\/revisions"}],"predecessor-version":[{"id":2005,"href":"https:\/\/visitas.catedraldesantiago.es\/gl\/wp-json\/wp\/v2\/pages\/681\/revisions\/2005"}],"wp:attachment":[{"href":"https:\/\/visitas.catedraldesantiago.es\/gl\/wp-json\/wp\/v2\/media?parent=681"}],"curies":[{"name":"wp","href":"https:\/\/api.w.org\/{rel}","templated":true}]}}