{"id":666,"date":"2024-11-11T13:48:06","date_gmt":"2024-11-11T12:48:06","guid":{"rendered":"https:\/\/visitas.catedraldesantiago.es\/politica-de-privacidade\/"},"modified":"2025-12-30T12:33:49","modified_gmt":"2025-12-30T11:33:49","slug":"politica-de-privacidade","status":"publish","type":"page","link":"https:\/\/visitas.catedraldesantiago.es\/gl\/politica-de-privacidade\/","title":{"rendered":"Pol\u00edtica de privacidade"},"content":{"rendered":"<p>[et_pb_section fb_built=&#8221;1&#8243; _builder_version=&#8221;4.16&#8243; global_colors_info=&#8221;{}&#8221;][et_pb_row _builder_version=&#8221;4.27.4&#8243; _module_preset=&#8221;default&#8221;][et_pb_column _builder_version=&#8221;4.27.4&#8243; _module_preset=&#8221;default&#8221; type=&#8221;4_4&#8243;][et_pb_text _builder_version=&#8221;4.27.4&#8243; _module_preset=&#8221;default&#8221; hover_enabled=&#8221;0&#8243; sticky_enabled=&#8221;0&#8243;]<\/p>\n<h1 style=\"text-align: center;\">POL\u00cdTICA DE PRIVACIDADE<\/h1>\n<p>[\/et_pb_text][\/et_pb_column][\/et_pb_row][et_pb_row _builder_version=&#8221;4.16&#8243; background_size=&#8221;initial&#8221; background_position=&#8221;top_left&#8221; background_repeat=&#8221;repeat&#8221; global_colors_info=&#8221;{}&#8221;][et_pb_column type=&#8221;4_4&#8243; _builder_version=&#8221;4.16&#8243; custom_padding=&#8221;|||&#8221; global_colors_info=&#8221;{}&#8221; custom_padding__hover=&#8221;|||&#8221;][et_pb_text _builder_version=&#8221;4.27.4&#8243; background_size=&#8221;initial&#8221; background_position=&#8221;top_left&#8221; background_repeat=&#8221;repeat&#8221; hover_enabled=&#8221;0&#8243; global_colors_info=&#8221;{}&#8221; sticky_enabled=&#8221;0&#8243;]<\/p>\n<p>O titular do Sitio Web VISITAS.CATEDRALDESANTIAGO.ES \u00e9 FUNDACI\u00d3N CATEDRAL DE SANTIAGO DE COMPOSTELA, as\u00ed como o responsable do tratamento de datos persoais subministrados polos seus usuarios.<\/p>\n<p><\/p>\n<p>O tratamento dos datos persoais que se realiza a trav\u00e9s deste sitio Web observa o establecido no Regulamento (UE) 2016\/679, xeral de protecci\u00f3n de datos, na Lei org\u00e1nica 3\/2018, do 5 de decembro, de protecci\u00f3n de datos persoais e coas medidas de seguridade t\u00e9cnicas e organizativas apropiadas para garantir un nivel de seguridade adecuado ao risco do tratamento.<\/p>\n<p><\/p>\n<p><strong>1. Informaci\u00f3n sobre protecci\u00f3n de datos<\/strong><\/p>\n<p><\/p>\n<p>Se o usuario decide solicitar informaci\u00f3n no noso Sitio Web, solicitaranse os datos estritamente necesarios para a consecuci\u00f3n do fin ao cal est\u00e1 destinado o noso Sitio Web, que \u00e9 o da informaci\u00f3n e promoci\u00f3n dos nosos servizos, todos eles dispo\u00f1ibles no noso Web. En ning\u00fan caso ser\u00e1n utilizados para finalidades distintas daquelas para as que foron voluntariamente introducidos no Web.<\/p>\n<p><\/p>\n<p>Os datos persoais que o usuario nos proporcione ser\u00e1n tratados, tendo sido informado dos fins do tratamento e resto de informaci\u00f3n con anterioridade ao facer clic no bot\u00f3n &#8220;ENVIAR&#8221;.<\/p>\n<p><\/p>\n<p>Os que voluntariamente faciliten os seus datos ao titular do Web por calquera dos medios establecidos para o efecto en cada momento, tiveron \u00e1 s\u00faa disposici\u00f3n de modo transparente e claro, ao ter feito clic na casilla correspondente, os seguintes aspectos:<\/p>\n<p><\/p>\n<p>1.1 O <strong>RESPONSABLE do tratamento \u00e9<\/strong> FUNDACI\u00d3N CATEDRAL DE SANTIAGO DE COMPOSTELA, enderezo en R\u00faa do Vilar 1, 1\u00ba, 15705 Santiago de Compostela (A Coru\u00f1a) e NIF: G70178603. Email: <a href=\"mailto:atencionvisitante@catedraldesantiago.es\" target=\"_blank\" rel=\"noopener\">atencionvisitante@catedraldesantiago.es<\/a>. Datos de contacto do delegado de protecci\u00f3n de datos: <a href=\"mailto:dpd@santosasociados.com\" target=\"_blank\" rel=\"noopener\">dpd@santosasociados.com<\/a>.<\/p>\n<p><\/p>\n<p>1.2 Os <strong>FINS do tratamento<\/strong> son os seguintes:<\/p>\n<p><\/p>\n<p>\u2022 a xesti\u00f3n da petici\u00f3n, solicitude ou consulta, e o mantemento das relaci\u00f3ns entre o Web e os seus usuarios.<\/p>\n<p><\/p>\n<p>\u2022 Autorizaci\u00f3n inequ\u00edvoca sobre que se poidan utiliza-los datos facilitados para remitirlle, por calquera medio de comunicaci\u00f3n, inclu\u00eddos os electr\u00f3nicos, comunicaci\u00f3ns comerciais, con informaci\u00f3n de interese, e comunicaci\u00f3ns recordatorio, sempre que marcase a casilla correspondente ou manifestase, por calquera medio, de modo inequ\u00edvoco a s\u00faa autorizaci\u00f3n.<\/p>\n<p><\/p>\n<p>\u2022 contratar calquera dos productos ou servicios en concreto, adquisici\u00f3n de entradas.<\/p>\n<p><\/p>\n<p>\u2022 informaci\u00f3n para o uso das cookies para as finalidades concretas e espec\u00edficas informadas en todo momento na pol\u00edtica de cookies.<\/p>\n<p><\/p>\n<p>1.3 A <strong>BASE XUR\u00cdDICA<\/strong> para o tratamento bas\u00e9ase na execuci\u00f3n dun contrato de prestaci\u00f3n de servizos, no cumprimento de obrigas legais e no seu consentimento inequ\u00edvoco, en caso de se ter prestado. Informamos de que pode revogar o seu consentimento en todo momento, a trav\u00e9s dun medio f\u00e1cil e sinxelo. En caso en que se trate de persoas de contacto dunha persoa xur\u00eddica, a base xur\u00eddica do tratamento \u00e9 o interese lex\u00edtimo desta entidade no mantemento das relaci\u00f3ns coa dita persoa xur\u00eddica.<\/p>\n<p><\/p>\n<p>1.4 Informamos que o <strong>PRAZO DE CONSERVACI\u00d3N<\/strong> dos seus datos ser\u00e1 o da vixencia do contrato e trala s\u00faa finalizaci\u00f3n, no caso en que sexa determinado pola lei, mentres perdure a obriga de conservaci\u00f3n e se \u00e9 o caso durante o prazo de prescrici\u00f3n das acci\u00f3ns correspondentes. CONSERVAREMOS os seus datos no caso en que a base xur\u00eddica sexa o consentimento mentres non revogue a s\u00faa autorizaci\u00f3n, e unha vez revogada, fixarase segundo o criterio de esgotar os prazos de prescrici\u00f3n de acci\u00f3ns.<\/p>\n<p><\/p>\n<p>1.5 <strong>DESTINATARIOS<\/strong>: non se prev\u00e9n destinatarios dos seus datos, salvo obriga legal.<\/p>\n<p><\/p>\n<p>1.6 Garantemos os seus <strong>dereitos<\/strong> de acceder, rectificar ou suprimir os seus datos, as\u00ed como o seu dereito de limitaci\u00f3n ou portabilidade, segundo a informaci\u00f3n restante que se ofrece nesta Pol\u00edtica de Privacidade<\/p>\n<p><\/p>\n<p><strong>2. Informaci\u00f3n sobre os usuarios <\/strong><\/p>\n<p><\/p>\n<p>Si rexistramos os seus datos de IP (Internet Protocol) asignado ao abonado titular da li\u00f1a telef\u00f3nica no momento da conexi\u00f3n con este Web, para a finalidade de seguridade e colaboraci\u00f3n coa Xustiza. Os datos ser\u00e1n conservados polo prestador de servicios o tempo marcado pola lexislaci\u00f3n vixente.<\/p>\n<p><\/p>\n<p><strong>3. Dereitos de acceso, rectificaci\u00f3n, oposici\u00f3n, supresi\u00f3n, limitaci\u00f3n, a non ser obxecto de decisi\u00f3ns automatizadas e portabilidade<\/strong><\/p>\n<p><\/p>\n<p>En calquera momento, o usuario ten dereito a acceder \u00e1 s\u00faa informaci\u00f3n. a rectificala se os seus datos son err\u00f3neos, a se opo\u00f1eren a alg\u00fan tipo de tratamento asociado ao mantemento da relaci\u00f3n contractual ou ao interese lex\u00edtimo do responsable do tratamento, se \u00e9 o caso, a revogar o consentimento outorgado, a solicitar a limitaci\u00f3n ou supresi\u00f3n do seu tratamento,  a non verse sometido a decisi\u00f3ns automatizadas, e a darse de baixa dos servizos de FUNDACI\u00d3N CATEDRAL DE SANTIAGO DE COMPOSTELA<\/p>\n<p><\/p>\n<p>Estes dereitos poden facerse efectivos nas formas e nos prazos establecidos no Regulamento xeral de protecci\u00f3n de datos, dirixindo un escrito \u00e1 direcci\u00f3n postal que figura no Aviso legal do Web. Pode presentar unha reclamaci\u00f3n ante a autoridade de control.<\/p>\n<p><\/p>\n<p>O tratamento dos datos persoais e o env\u00edo de comunicaci\u00f3ns por medios electr\u00f3nicos, se \u00e9 o caso, est\u00e1n axustados \u00e1 normativa establecida no Regulamento xeral de protecci\u00f3n de datos, a Lei org\u00e1nica 3\/2018, do 5 de decembro, de protecci\u00f3n de datos persoais e na Lei 34\/2002, do 11 de xullo, de servicios da sociedade da informaci\u00f3n e de comercio electr\u00f3nico.<\/p>\n<p><\/p>\n<p><strong>4. Informaci\u00f3n restante sobre protecci\u00f3n de datos.<\/strong><\/p>\n<p><\/p>\n<p>A seguinte informaci\u00f3n \u00e9 informaci\u00f3n ampliada sobre protecci\u00f3n de datos, \u00e1 disposici\u00f3n en calquera momento:<\/p>\n<p><\/p>\n<p>Informaci\u00f3n sobre protecci\u00f3n de datos. O <strong>responsable do tratamento \u00e9: <\/strong>FUNDACI\u00d3N CATEDRAL DE SANTIAGO DE COMPOSTELA. Datos de contacto do  <strong>delegado de protecci\u00f3n de datos<\/strong>: dpd@santosasociados.com. Os datos persoais van ser tratados para a <strong>finalidade<\/strong> de xesti\u00f3n da venda da entrada.<\/p>\n<p><\/p>\n<p>O criterio establecido para a <strong>conservaci\u00f3n<\/strong> dos seus datos \u00e9 o prazo de prescrici\u00f3n de acci\u00f3ns.<br \/>A <strong>base xur\u00eddica<\/strong> do tratamento \u00e9 o contrato celebrado, o cumprimento dunha obriga legal, o consentimento, se \u00e9 o caso, revogable en calquera momento, e o interese lex\u00edtimo do tratamento dos datos de persoas de contacto de persoas xur\u00eddicas.<br \/>Os <strong>destinatarios<\/strong> dos seus datos son a administraci\u00f3n tributaria e entidades bancarias, se \u00e9 o caso.<br \/>Ten \u00e1 s\u00faa disposici\u00f3n o exercicio dos <strong>dereitos<\/strong> de acceso inclu\u00eddo o dereito a obter copia dos datos persoais obxecto de tratamento, rectificaci\u00f3n, oposici\u00f3n, supresi\u00f3n ou borrado se \u00e9 o caso, portabilidade e limitaci\u00f3n do tratamento, mediante un escrito perante o responsable do tratamento ao seguinte enderezo: R\u00faa do Vilar 1, 1\u00ba 15705 Santiago de Compostela (A Coru\u00f1a),  T: 981569327, E-mail: rgpd@catedraldesantiago.es. Ten dereito a presentar unha reclamaci\u00f3n ante a autoridade de control.<\/p>\n<p>[\/et_pb_text][\/et_pb_column][\/et_pb_row][\/et_pb_section]<\/p>\n","protected":false},"excerpt":{"rendered":"<p>POL\u00cdTICA DE PRIVACIDADEO titular do Sitio Web VISITAS.CATEDRALDESANTIAGO.ES \u00e9 FUNDACI\u00d3N CATEDRAL DE SANTIAGO DE COMPOSTELA, as\u00ed como o responsable do tratamento de datos persoais subministrados polos seus usuarios.O tratamento dos datos persoais que se realiza a trav\u00e9s deste sitio Web observa o establecido no Regulamento (UE) 2016\/679, xeral de protecci\u00f3n de datos, na Lei org\u00e1nica [&hellip;]<\/p>\n","protected":false},"author":1,"featured_media":0,"parent":0,"menu_order":0,"comment_status":"closed","ping_status":"closed","template":"","meta":{"_et_pb_use_builder":"on","_et_pb_old_content":"","_et_gb_content_width":"","footnotes":""},"class_list":["post-666","page","type-page","status-publish","hentry"],"_links":{"self":[{"href":"https:\/\/visitas.catedraldesantiago.es\/gl\/wp-json\/wp\/v2\/pages\/666","targetHints":{"allow":["GET"]}}],"collection":[{"href":"https:\/\/visitas.catedraldesantiago.es\/gl\/wp-json\/wp\/v2\/pages"}],"about":[{"href":"https:\/\/visitas.catedraldesantiago.es\/gl\/wp-json\/wp\/v2\/types\/page"}],"author":[{"embeddable":true,"href":"https:\/\/visitas.catedraldesantiago.es\/gl\/wp-json\/wp\/v2\/users\/1"}],"replies":[{"embeddable":true,"href":"https:\/\/visitas.catedraldesantiago.es\/gl\/wp-json\/wp\/v2\/comments?post=666"}],"version-history":[{"count":7,"href":"https:\/\/visitas.catedraldesantiago.es\/gl\/wp-json\/wp\/v2\/pages\/666\/revisions"}],"predecessor-version":[{"id":1993,"href":"https:\/\/visitas.catedraldesantiago.es\/gl\/wp-json\/wp\/v2\/pages\/666\/revisions\/1993"}],"wp:attachment":[{"href":"https:\/\/visitas.catedraldesantiago.es\/gl\/wp-json\/wp\/v2\/media?parent=666"}],"curies":[{"name":"wp","href":"https:\/\/api.w.org\/{rel}","templated":true}]}}