{"id":656,"date":"2024-11-11T13:29:32","date_gmt":"2024-11-11T12:29:32","guid":{"rendered":"https:\/\/visitas.catedraldesantiago.es\/aviso-legal\/"},"modified":"2025-12-22T12:47:53","modified_gmt":"2025-12-22T11:47:53","slug":"aviso-legal","status":"publish","type":"page","link":"https:\/\/visitas.catedraldesantiago.es\/gl\/aviso-legal\/","title":{"rendered":"Aviso legal"},"content":{"rendered":"<p>[et_pb_section fb_built=&#8221;1&#8243; admin_label=&#8221;section&#8221; _builder_version=&#8221;4.16&#8243; global_colors_info=&#8221;{}&#8221;][et_pb_row _builder_version=&#8221;4.27.4&#8243; _module_preset=&#8221;default&#8221;][et_pb_column _builder_version=&#8221;4.27.4&#8243; _module_preset=&#8221;default&#8221; type=&#8221;4_4&#8243;][et_pb_text _builder_version=&#8221;4.27.4&#8243; _module_preset=&#8221;default&#8221; hover_enabled=&#8221;0&#8243; sticky_enabled=&#8221;0&#8243;]<\/p>\n<h1>AVISO LEGAL<\/h1>\n<p>[\/et_pb_text][\/et_pb_column][\/et_pb_row][et_pb_row admin_label=&#8221;row&#8221; _builder_version=&#8221;4.16&#8243; background_size=&#8221;initial&#8221; background_position=&#8221;top_left&#8221; background_repeat=&#8221;repeat&#8221; global_colors_info=&#8221;{}&#8221;][et_pb_column type=&#8221;4_4&#8243; _builder_version=&#8221;4.16&#8243; custom_padding=&#8221;|||&#8221; global_colors_info=&#8221;{}&#8221; custom_padding__hover=&#8221;|||&#8221;][et_pb_text admin_label=&#8221;Text&#8221; _builder_version=&#8221;4.27.4&#8243; background_size=&#8221;initial&#8221; background_position=&#8221;top_left&#8221; background_repeat=&#8221;repeat&#8221; hover_enabled=&#8221;0&#8243; global_colors_info=&#8221;{}&#8221; sticky_enabled=&#8221;0&#8243;]<\/p>\n<p><strong>DATOS IDENTIFICATIVOS<\/strong><\/p>\n<p><\/p>\n<p>En cumprimento do deber de informaci\u00f3n recollido no artigo 10 da Lei 34\/2002, do 11 de xullo, dos Servicios da Sociedade da Informaci\u00f3n e do Comercio Electr\u00f3nico, a continuaci\u00f3n refl\u00edctense os seguintes datos: a empresa titular de\u00a0<a href=\"https:\/\/visitas.catedraldesantiago.es\/gl\/\" target=\"_blank\" rel=\"noreferrer noopener\">visitas.catedraldesantiago.es\/<\/a>\u00a0\u00e9 FUNDACI\u00d3N CATEDRAL DE SANTIAGO, con CIF G-70.178.603 e enderezo para estes efectos en R\u00faa do Villar, n\u00ba 1, 15701, Santiago de Compostela (A Coru\u00f1a), con correo electr\u00f3nico de contacto: prensa@catedraldesantiago.es.<\/p>\n<p><\/p>\n<p><strong>USUARIOS<\/strong><\/p>\n<p><\/p>\n<p>O acceso e\/ou uso deste portal de FUNDACI\u00d3N CATEDRAL DE SANTIAGO atrib\u00fae a condici\u00f3n de USUARIO, que acepta, desde o devandito acceso e\/ou uso, as Condici\u00f3ns Xerais de uso aqu\u00ed reflicte. As citadas condici\u00f3ns ser\u00e1n de aplicaci\u00f3n independentemente das Condici\u00f3ns Xerais de Contrataci\u00f3n que, se \u00e9 o caso, resulten de obrigado cumprimento.<\/p>\n<p><\/p>\n<p><a href=\"https:\/\/visitas.catedraldesantiago.es\/gl\/\" target=\"_blank\" rel=\"noreferrer noopener\">visitas.catedraldesantiago.es\/<\/a>\u00a0proporciona o acceso a multitude de informaci\u00f3ns, servizos, programas ou datos (a partir de agora, \u201cos contidos\u201d) na internet pertencentes a FUNDACI\u00d3N CATEDRAL DE SANTIAGO aos que o USUARIO poida ter acceso. O USUARIO asume a responsabilidade de uso do portal. Esta responsabilidade est\u00e9ndese \u00f3 rexistro que fose necesario para acceder a determinados servicios ou contidos.<\/p>\n<p><\/p>\n<p>No devandito rexistro o USUARIO ser\u00e1 responsable de achegar informaci\u00f3n veraz e l\u00edcita. Como consecuencia deste rexistro, ao USUARIO p\u00f3deselle proporcionar unha contrasinal da que ser\u00e1 responsable, compromet\u00e9ndose a facer un uso dilixente e confidencial dela. O USUARIO comprom\u00e9tese a facer un uso adecuado dos contidos e servizos que FUNDACI\u00d3N CATEDRAL DE SANTIAGO ofrece a trav\u00e9s da s\u00faa p\u00e1xina Web, compromet\u00e9ndose a non utilizalos para actividades que poidan ser il\u00edcitas, contrarias \u00e1 orde p\u00fablica, \u00e1 defensa nacional ou \u00e1 sa\u00fade p\u00fablica.<\/p>\n<p><\/p>\n<p>Do mesmo xeito FUNDACI\u00d3N CATEDRAL DE SANTIAGO res\u00e9rvase o dereito a modificar en calquera momento as presentes condici\u00f3ns de uso, as\u00ed como calquera outra condici\u00f3n particular contida no sitio web <a href=\"https:\/\/visitas.catedraldesantiago.es\/gl\/\" target=\"_blank\" rel=\"noreferrer noopener\">visitas.catedraldesantiago.es<\/a><\/p>\n<p><\/p>\n<p><strong>PROTECCI\u00d3N DE DATOS DE CAR\u00c1CTER PERSONAL<\/strong><\/p>\n<p><\/p>\n<p>En cumprimento do establecido no Regulamento xeral (UE) 2016\/679 de Protecci\u00f3n de Datos, comunicamos ao usuario que os datos persoais que nos facilite de forma voluntaria , por calquera dos nosos medios de recollida de informaci\u00f3n, van ser incorporados \u00e1s actividades de tratamento automatizados de datos de car\u00e1cter persoal titularidade de FUNDACI\u00d3N CATEDRAL DE SANTIAGO, co fin de poder prestarlle os nosos servizos, as\u00ed como para mantelo informado sobre cuesti\u00f3ns relativas \u00e1 actividade da empresa e os seus servizos. Os campos marcados con \u201c*\u201d son de car\u00e1cter obrigatorio, polo que o non cumprimento dos devanditos campos impedir\u00e1 ao USUARIO desfrutar dalg\u00fans dos Servizos e informaci\u00f3ns ofrecidas na Web. Os datos contidos neles ser\u00e1n tratados de forma confidencial. FUNDACI\u00d3N CATEDRAL DE SANTIAGO cumpre integramente coa lexislaci\u00f3n vixente en materia de protecci\u00f3n de datos de car\u00e1cter persoal, e cos compromisos de confidencialidade propios da s\u00faa actividade. FUNDACI\u00d3N CATEDRAL DE SANTIAGO SANTIAGO adoptou as medidas t\u00e9cnicas necesarias para manter o nivel de seguridade requirido, segundo a natureza dos datos persoais tratados e as circunstancias do tratamento, co obxecto de evitar, na medida do posible e sempre segundo o estado da t\u00e9cnica, a s\u00faa alteraci\u00f3n, perda, tratamento ou acceso non autorizado. Para a realizaci\u00f3n da xesti\u00f3n antes mencionada pode ser necesario que se cedan os datos a encargados do tratamento, empresas colaboradoras e administraci\u00f3ns p\u00fablicas (as cales poden verificar a veracidade dos datos). En caso de que o USUARIO facilite datos de car\u00e1cter persoal, referentes a persoas f\u00edsicas distintas a si mesmo, o USUARIO deber\u00e1, con car\u00e1cter previo \u00e1 inclusi\u00f3n, informalos do contido desta cl\u00e1usula, de acordo co establecido no Regulamento Xeral (UE) 2016\/679 de Protecci\u00f3n de Datos. FUNDACI\u00d3N CATEDRAL DE SANTIAGO como responsable da Actividade de Tratamento, garante o exercicio dos dereitos de acceso, rectificaci\u00f3n, supresi\u00f3n, limitaci\u00f3n, oposici\u00f3n e portabilidade dos datos achegados, segundo o disposto no Regulamento Xeral (UE) 2016\/679 de Protecci\u00f3n de Datos, o USUARIO poder\u00e1 exercer en todo momento os dereitos, dirixindo un escrito ao domicilio social, achegando copia do DNI ou Pasaporte. FUNDACI\u00d3N CATEDRAL DE SANTIAGO garante que t\u00f3dalas comunicaci\u00f3ns comerciais que dirixe \u00f3s seus clientes cumpren a normativa vixente. Por iso, en cumprimento da Lei 34\/2002 de servicios da Sociedade da Informaci\u00f3n e de Comercio Electr\u00f3nico e a Lei 9\/2014 Xeral de Telecomunicaci\u00f3ns, inf\u00f3rmase \u00f3 USUARIO que FUNDACI\u00d3N CATEDRAL DE SANTIAGO poder\u00e1 enviarlle por medios electr\u00f3nicos informaci\u00f3n acerca de produtos e servicios de interese \u00f3 que Vde. presta o seu consentimento. En calquera momento poder\u00e1 revogar esta autorizaci\u00f3n na direcci\u00f3n prensa@catedraldesantiago.es<\/p>\n<p><\/p>\n<p><strong>USO DE COOKIES<\/strong><\/p>\n<p><\/p>\n<p>Adv\u00edrtese ao USUARIO que este sitio web utiliza cookies. As cookies son pequenos arquivos de texto que se instalan no navegador do ordenador do USUARIO para rexistrar a s\u00faa actividade, enviando unha identificaci\u00f3n an\u00f3nima que se almacena nel, coa finalidade de que a navegaci\u00f3n sexa m\u00e1is sinxela, permitindo por exemplo, o acceso \u00f3s USUARIOS que se rexistrasen previamente e o acceso \u00e1s \u00e1reas, servizos, promoci\u00f3ns ou concursos reservados exclusivamente a eles sen ter que rexistrarse en cada visita. P\u00f3dense utilizar tam\u00e9n para medir a audiencia, par\u00e1metros do tr\u00e1fico e navegaci\u00f3n, tempo de sesi\u00f3n, e\/ou controlar o progreso e n\u00famero de entradas. FUNDACI\u00d3N CATEDRAL DE SANTIAGO procurar\u00e1 en todo momento establecer mecanismos adecuados para obter o consentimento do USUARIO para a instalaci\u00f3n de cookies que o requiran. Non obstante o anterior, deberase ter en conta que de conformidade coa lei, entenderase que (i)o USUARIO deu o seu consentimento se modifica a configuraci\u00f3n do navegador desactivando as restrici\u00f3ns que impiden a entrada de cookies e (ii), que o referido consentimento non ser\u00e1 preciso para a instalaci\u00f3n daquelas cookies que sexan estritamente necesarias para a prestaci\u00f3n dun servicio expresamente solicitado polo USUARIO (mediante rexistro previo). Pode ocorrer que algunhas cookies utilizadas neste sitio web non estean relacionadas con FUNDACI\u00d3N CATEDRAL DE SANTIAGO. Isto d\u00e9bese a que algunhas p\u00e1xinas do sitio web te\u00f1en inserido contido procedente de webs de terceiras partes (como por exemplo un v\u00eddeo de YouTube). Debido a que o referido contido procede doutra web, FUNDACI\u00d3N CATEDRAL DE SANTIAGO non controla a configuraci\u00f3n das devanditas cookies. Se vostede quere cambiar as s\u00faas preferencias de configuraci\u00f3n de cookies, deber\u00e1 consultar os sitios web das devanditas terceiras partes para obter informaci\u00f3n.<\/p>\n<p><\/p>\n<div class=\"wp-block-spacer\" style=\"height: 20px;\" aria-hidden=\"true\">\u00a0<\/div>\n<p><\/p>\n<p><strong>PROPIEDADE INTELECTUAL E INDUSTRIAL<\/strong><\/p>\n<p><\/p>\n<p>FUNDACI\u00d3N CATEDRAL DE SANTIAGO por si ou como cesionaria, \u00e9 titular de todos os dereitos de propiedade intelectual e industrial da s\u00faa p\u00e1xina web, as\u00ed como dos elementos contidos nela (a t\u00edtulo enunciativo, imaxes, son, audio, v\u00eddeo, software ou textos; marcas ou logotipos, combinaci\u00f3ns de cores, estrutura e dese\u00f1o..), quedando expresamente prohibidas a s\u00faa reproduci\u00f3n, distribuci\u00f3n e comunicaci\u00f3n p\u00fablica, inclu\u00edda a modalidade de posta \u00e1 disposici\u00f3n da totalidade ou parte dos contidos desta p\u00e1xina web, en calquera soporte e por calquera medio t\u00e9cnico, sen a autorizaci\u00f3n de FUNDACI\u00d3N CATEDRAL DE SANTIAGO. O USUARIO comprom\u00e9tese a respectar os dereitos de propiedade intelectual e industrial titularidade de FUNDACI\u00d3N CATEDRAL DE SANTIAGO. O USUARIO deberase abster de suprimir, alterar, eludir ou manipular calquera dispositivo de protecci\u00f3n ou sistema de seguridade que estivese instalado na p\u00e1xina web.<\/p>\n<p><\/p>\n<div class=\"wp-block-spacer\" style=\"height: 20px;\" aria-hidden=\"true\">\u00a0<\/div>\n<p><\/p>\n<p><strong>EXCLUSI\u00d3N DE GARANT\u00cdAS E RESPONSABILIDADE<\/strong><\/p>\n<p><\/p>\n<p>FUNDACI\u00d3N CATEDRAL DE SANTIAGO non se fai responsable, en ning\u00fan caso, dos danos e perdas de calquera natureza que puidesen ocasionar, a t\u00edtulo enunciativo: erros ou omisi\u00f3ns nos contidos, falta de dispo\u00f1ibilidade do sitio web ou a transmisi\u00f3n de virus ou programas maliciosos ou lesivos nos contidos, a pesar de ter adoptado todas as medidas tecnol\u00f3xicas necesarias para evitalo. Deficiencias do servicio, das redes de comunicaci\u00f3n, dos problemas resultantes do mal funcionamento ou uso de versi\u00f3ns non optimizadas de calquera navegador, posibles erros de seguridade que se poden producir nin dos posibles danos que se poidan causar no sistema inform\u00e1tico do USUARIO, \u00f3s ficheiros ou documentos almacenados nel, como consecuencia da presenza de virus no ordenador do USUARIO utilizado para a conexi\u00f3n aos servizos e contidos do sitio web, avar\u00edas telef\u00f3nicas, interferencias, omisi\u00f3ns ou desconexi\u00f3ns no funcionamento operativo do sistema electr\u00f3nico motivados por causas alleas a FUNDACI\u00d3N CATEDRAL DE SANTIAGO; do co\u00f1ecemento que poidan terceiros non autorizados da clase, condici\u00f3ns, caracter\u00edsticas e circunstancias de acceso e uso que os USUARIOS fan do sitio web e das informaci\u00f3ns e servizos. Do uso il\u00edcito, neglixente, fraudulento, contrario \u00e1s presentes condici\u00f3ns xerais, \u00e1 boa fe, \u00f3s usos xerais aceptados ou \u00e1 orde p\u00fablica, do sitio web, os seus servicios ou contidos, por parte dos USUARIOS.<\/p>\n<p><\/p>\n<p><strong>MODIFICACI\u00d3NS<\/strong><\/p>\n<p><\/p>\n<p>FUNDACI\u00d3N CATEDRAL DE SANTIAGO res\u00e9rvase o dereito a efectuar sen aviso previo as modificaci\u00f3ns que considere oportunas na p\u00e1xina web, podendo cambiar, suprimir ou engadir tanto contidos e servizos que se presten a trav\u00e9s dela como a forma en que estes aparezan presentados ou localizados no seu portal.<\/p>\n<p><\/p>\n<p><strong>LIGAZ\u00d3NS<\/strong><\/p>\n<p><\/p>\n<p>En el caso de que en <a href=\"https:\/\/visitas.catedraldesantiago.es\/gl\/\" target=\"_blank\" rel=\"noreferrer noopener\">visitas.catedraldesantiago.es<\/a>\u00a0se dispuxesen ligaz\u00f3ns ou hiperv\u00ednculos cara a outros sitios da Internet, FUNDACI\u00d3N CATEDRAL DE SANTIAGO non exercer\u00e1 ning\u00fan tipo de control sobre os devanditos sitios e contido. Baixo ningunha circunstancia, FUNDACI\u00d3N CATEDRAL DE SANTIAGO asumir\u00e1 responsabilidade ningunha polos contidos dalg\u00fan enlace pertencente a un sitio web alleo, nin garantir\u00e1 a dispo\u00f1ibilidade t\u00e9cnica, calidade fiabilidade, exactitude, amplitude, veracidade, validez e constitucionalidade de calquera material ou informaci\u00f3n contida en ning\u00fan dos ditos hiperv\u00ednculos ou outros sitios da internet. Igualmente a inclusi\u00f3n destas conexi\u00f3ns externas non implicar\u00e1 ning\u00fan tipo de asociaci\u00f3n, fusi\u00f3n ou participaci\u00f3n coas entidades conectadas.<\/p>\n<p><\/p>\n<p><strong>DEREITO DE EXCLUSI\u00d3N<\/strong><\/p>\n<p><\/p>\n<p>FUNDACI\u00d3N CATEDRAL DE SANTIAGO res\u00e9rvase o dereito de bloquear o acceso dun USUARIO ante calquera indicio de utilizaci\u00f3n fraudulenta dos servicios ofrecidos sen necesidade de aviso previo, por instancia propia ou dun terceiro, a aqueles usuarios que incumpran estas condici\u00f3ns Xerais de Uso.<\/p>\n<p><\/p>\n<p><strong>XENERALIDADES<\/strong><\/p>\n<p><\/p>\n<p>FUNDACI\u00d3N CATEDRAL DE SANTIAGO perseguir\u00e1 o incumprimento destas condici\u00f3ns as\u00ed como calquera utilizaci\u00f3n indebida do seu portal exercendo todas as acci\u00f3ns civ\u00eds e penais que lle poden corresponder en dereito.<\/p>\n<p><\/p>\n<p><strong>MODIFICACI\u00d3N DESTAS CONDICI\u00d3NS E DURACI\u00d3N<\/strong><\/p>\n<p><\/p>\n<p>FUNDACI\u00d3N CATEDRAL DE SANTIAGO poder\u00e1 modificar en calquera momento as condici\u00f3ns aqu\u00ed determinadas, sendo debidamente publicadas como aqu\u00ed aparecen. A vixencia das citadas condici\u00f3ns ir\u00e1 en funci\u00f3n da s\u00faa exposici\u00f3n e estar\u00e1n vixentes ata que sexan modificadas por outras debidamente publicadas.<\/p>\n<p><\/p>\n<p><strong>LEGISLACI\u00d3N APLICABLE<\/strong><\/p>\n<p><\/p>\n<p>A relaci\u00f3n entre a FUNDACI\u00d3N CATEDRAL DE SANTIAGO e o USUARIO rexerase pola normativa espa\u00f1ola vixente e calquera controversia someterase aos Xulgados do domicilio do consumidor no caso de que a controversia sexa con consumidores.<\/p>\n<p><\/p>\n<div class=\"wp-block-spacer\" style=\"height: 20px;\" aria-hidden=\"true\">\u00a0<\/div>\n<p>[\/et_pb_text][\/et_pb_column][\/et_pb_row][\/et_pb_section]<\/p>\n","protected":false},"excerpt":{"rendered":"<p>AVISO LEGALDATOS IDENTIFICATIVOSEn cumprimento do deber de informaci\u00f3n recollido no artigo 10 da Lei 34\/2002, do 11 de xullo, dos Servicios da Sociedade da Informaci\u00f3n e do Comercio Electr\u00f3nico, a continuaci\u00f3n refl\u00edctense os seguintes datos: a empresa titular de\u00a0visitas.catedraldesantiago.es\/\u00a0\u00e9 FUNDACI\u00d3N CATEDRAL DE SANTIAGO, con CIF G-70.178.603 e enderezo para estes efectos en R\u00faa do Villar, [&hellip;]<\/p>\n","protected":false},"author":1,"featured_media":0,"parent":0,"menu_order":0,"comment_status":"closed","ping_status":"closed","template":"","meta":{"_et_pb_use_builder":"on","_et_pb_old_content":"","_et_gb_content_width":"","footnotes":""},"class_list":["post-656","page","type-page","status-publish","hentry"],"_links":{"self":[{"href":"https:\/\/visitas.catedraldesantiago.es\/gl\/wp-json\/wp\/v2\/pages\/656","targetHints":{"allow":["GET"]}}],"collection":[{"href":"https:\/\/visitas.catedraldesantiago.es\/gl\/wp-json\/wp\/v2\/pages"}],"about":[{"href":"https:\/\/visitas.catedraldesantiago.es\/gl\/wp-json\/wp\/v2\/types\/page"}],"author":[{"embeddable":true,"href":"https:\/\/visitas.catedraldesantiago.es\/gl\/wp-json\/wp\/v2\/users\/1"}],"replies":[{"embeddable":true,"href":"https:\/\/visitas.catedraldesantiago.es\/gl\/wp-json\/wp\/v2\/comments?post=656"}],"version-history":[{"count":11,"href":"https:\/\/visitas.catedraldesantiago.es\/gl\/wp-json\/wp\/v2\/pages\/656\/revisions"}],"predecessor-version":[{"id":1960,"href":"https:\/\/visitas.catedraldesantiago.es\/gl\/wp-json\/wp\/v2\/pages\/656\/revisions\/1960"}],"wp:attachment":[{"href":"https:\/\/visitas.catedraldesantiago.es\/gl\/wp-json\/wp\/v2\/media?parent=656"}],"curies":[{"name":"wp","href":"https:\/\/api.w.org\/{rel}","templated":true}]}}