{"id":650,"date":"2024-11-11T13:44:34","date_gmt":"2024-11-11T12:44:34","guid":{"rendered":"https:\/\/visitas.catedraldesantiago.es\/politica-de-compra\/"},"modified":"2025-03-10T13:29:54","modified_gmt":"2025-03-10T12:29:54","slug":"politica-de-compra","status":"publish","type":"page","link":"https:\/\/visitas.catedraldesantiago.es\/gl\/politica-de-compra\/","title":{"rendered":"Pol\u00edtica de compra"},"content":{"rendered":"\n<p>A adquisici\u00f3n destas entradas representa a aceptaci\u00f3n das seguintes condici\u00f3ns:<\/p>\n\n<ul class=\"wp-block-list\">\n<li>Unha vez adquirida a entrada, esta non ser\u00e1 cambiada nin devolto o seu importe.<\/li>\n\n\n\n<li>A imposibilidade de asistir \u00e1 visita contratada ou a comisi\u00f3n dun erro ao realizar a adquisici\u00f3n da entrada non son motivos que permitan a s\u00faa devoluci\u00f3n.<\/li>\n\n\n\n<li>A catedral reserva para si o dereito de cancelar as visitas sen aviso previo por causas imprevistas de forza maior ou condici\u00f3ns climatol\u00f3xicas que poidan p\u00f3r en perigo aos visitantes. Nestes casos, a Catedral ofreceralle ao visitante a posibilidade de levar a cabo a visita noutro d\u00eda, o m\u00e1is pr\u00f3ximo posible no tempo, renunciando o visitante a outro tipo de reclamaci\u00f3n.<\/li>\n\n\n\n<li>As entradas dispo\u00f1en de diferentes medidas de seguridade. Non adquira a s\u00faa entrada nun punto de venda non oficial: a entrada poder\u00eda ser falsa e, por tanto, non se lle permitir\u00e1 a entrada ao recinto. En tal caso, A Fundaci\u00f3n Catedral de Santiago declinar\u00eda toda responsabilidade.<\/li>\n\n\n\n<li>A admisi\u00f3n queda supeditada a que a entrada estea completa e en boas condici\u00f3ns.<\/li>\n\n\n\n<li>Non se permitir\u00e1 a entrada a aquelas persoas que poidan producir molestias ao p\u00fablico en xeral ou poidan alterar o normal desenvolvemento da visita. Ao entrar, o p\u00fablico pode estar suxeito a un rexistro segundo a lei. Non estar\u00e1 permitida a entrada de bebidas ou comida, as\u00ed como a aqueles obxectos que poidan ser considerados perigosos, ou daqueles que poidan entorpecer o desenvolvemento da visita.<\/li>\n\n\n\n<li>Non se admitir\u00e1 o acceso \u00e1 visita unha vez comezada.<\/li>\n\n\n\n<li>A contemplaci\u00f3n na visita ao P\u00f3rtico debe realizarse en silencio<\/li>\n\n\n\n<li>O Museo da Catedral non disp\u00f3n de servizo de consigna de equipaxe.<\/li>\n\n\n\n<li>Proh\u00edbese a entrada ao Museo con mochilas e paquetes grandes que poidan dificultar o acceso aos distintos espazos polos que se realiza a visita, podendo denegarse o acceso \u00e1 visita, sen dereito a ning\u00fan tipo de devoluci\u00f3n ou cambio.<\/li>\n<\/ul>\n\n<div style=\"height:100px\" aria-hidden=\"true\" class=\"wp-block-spacer\"><\/div>\n\n<hr class=\"wp-block-separator has-text-color has-alpha-channel-opacity has-background is-style-wide\" style=\"background-color:#00000033;color:#00000033\"\/>\n","protected":false},"excerpt":{"rendered":"<p>A adquisici\u00f3n destas entradas representa a aceptaci\u00f3n das seguintes condici\u00f3ns:<\/p>\n","protected":false},"author":1,"featured_media":0,"parent":0,"menu_order":0,"comment_status":"closed","ping_status":"closed","template":"","meta":{"_et_pb_use_builder":"off","_et_pb_old_content":"","_et_gb_content_width":"","footnotes":""},"class_list":["post-650","page","type-page","status-publish","hentry"],"_links":{"self":[{"href":"https:\/\/visitas.catedraldesantiago.es\/gl\/wp-json\/wp\/v2\/pages\/650","targetHints":{"allow":["GET"]}}],"collection":[{"href":"https:\/\/visitas.catedraldesantiago.es\/gl\/wp-json\/wp\/v2\/pages"}],"about":[{"href":"https:\/\/visitas.catedraldesantiago.es\/gl\/wp-json\/wp\/v2\/types\/page"}],"author":[{"embeddable":true,"href":"https:\/\/visitas.catedraldesantiago.es\/gl\/wp-json\/wp\/v2\/users\/1"}],"replies":[{"embeddable":true,"href":"https:\/\/visitas.catedraldesantiago.es\/gl\/wp-json\/wp\/v2\/comments?post=650"}],"version-history":[{"count":3,"href":"https:\/\/visitas.catedraldesantiago.es\/gl\/wp-json\/wp\/v2\/pages\/650\/revisions"}],"predecessor-version":[{"id":989,"href":"https:\/\/visitas.catedraldesantiago.es\/gl\/wp-json\/wp\/v2\/pages\/650\/revisions\/989"}],"wp:attachment":[{"href":"https:\/\/visitas.catedraldesantiago.es\/gl\/wp-json\/wp\/v2\/media?parent=650"}],"curies":[{"name":"wp","href":"https:\/\/api.w.org\/{rel}","templated":true}]}}